{"id":1048,"date":"2019-08-24T14:02:01","date_gmt":"2019-08-24T17:02:01","guid":{"rendered":"http:\/\/droids.com.ar\/?page_id=1048"},"modified":"2019-08-24T15:14:57","modified_gmt":"2019-08-24T18:14:57","slug":"comunicacion-efectiva-y-colaboracion","status":"publish","type":"page","link":"https:\/\/droids.com.ar\/wordpress\/comunicacion-efectiva-y-colaboracion\/","title":{"rendered":"Comunicaci\u00f3n efectiva y colaboraci\u00f3n:"},"content":{"rendered":"\n\t<h2>Comunicaci\u00f3n efectiva y colaboraci\u00f3n:<\/h2>\n\t<p><img loading=\"lazy\" decoding=\"async\" src=\"http:\/\/droids.com.ar\/wp-content\/uploads\/2019\/08\/Lego-9-300x219.jpg\" alt=\"\" width=\"300\" height=\"219\" \/>La comunicaci\u00f3n y la colaboraci\u00f3n juegan un rol importante en la preparaci\u00f3n de estudiantes para ser no s\u00f3lo aprendices sino tambi\u00e9n miembros de una comunidad m\u00e1s amplia, con voz y con la capacidad de hacer una contribuci\u00f3n. Las habilidades incluidas en esta dimensi\u00f3n deben entenderse como habilidades sociales, donde la capacidad para<\/p>\n<p>transmitir e intercambiar informaci\u00f3n e ideas con otros, as\u00ed como tambi\u00e9n de interactuar y contribuir dentro de un grupo o comunidad es fundamental. Esta dimensi\u00f3n se aborda en dos sub dimensiones: comunicaci\u00f3n efectiva y colaboraci\u00f3n.<\/p>\n<p><strong>Comunicaci\u00f3n efectiva:<\/strong>\u00a0esta sub-dimensi\u00f3n da cuenta de las habilidades y conocimientos que se necesitan para compartir o transmitir los resultados o productos creados por el estudiante. Esta es una etapa cr\u00edtica en el proceso, que demanda trabajo anal\u00edtico por s\u00ed mismo, incluyendo procesar, transformar y formatear informaci\u00f3n y reflexionar sobre la forma m\u00e1s adecuada de presentar una idea a una audiencia en particular. Espec\u00edficamente, se entiende como la habilidad de transmitir informaci\u00f3n a otros, resguardando que los significados sean comunicados de forma efectiva tomando en cuenta medio y receptor.<\/p>\n<p><strong>Colaboraci\u00f3n:<\/strong>\u00a0esta sub-dimensi\u00f3n describe las habilidades que se necesitan para trabajar a distancia. Las TIC proveen de muchas herramientas para apoyar el trabajo colaborativo a distancia entre pares dentro y fuera del colegio, por ejemplo entregando retroalimentaci\u00f3n constructiva mediante una reflexi\u00f3n cr\u00edtica al trabajo de otros o a trav\u00e9s de la creaci\u00f3n espont\u00e1nea de comunidades de aprendizaje. En particular, se define como la habilidad de negociar acuerdos dentro del respeto mutuo por las ideas del otro y de desarrollar contenidos con pares a distancia, utilizando distintos medios digitales.<\/p>\n","protected":false},"excerpt":{"rendered":"<p>Comunicaci\u00f3n efectiva y colaboraci\u00f3n: La comunicaci\u00f3n y la colaboraci\u00f3n juegan un rol importante en la preparaci\u00f3n de estudiantes para ser no s\u00f3lo aprendices sino tambi\u00e9n miembros de una comunidad m\u00e1s amplia, con voz y con la capacidad de hacer una contribuci\u00f3n. Las habilidades incluidas en esta dimensi\u00f3n deben entenderse como habilidades sociales, donde la capacidad [&hellip;]<\/p>\n","protected":false},"author":1,"featured_media":0,"parent":0,"menu_order":0,"comment_status":"closed","ping_status":"closed","template":"","meta":{"_uag_custom_page_level_css":"","site-sidebar-layout":"default","site-content-layout":"default","ast-site-content-layout":"default","site-content-style":"default","site-sidebar-style":"default","ast-global-header-display":"","ast-banner-title-visibility":"","ast-main-header-display":"","ast-hfb-above-header-display":"","ast-hfb-below-header-display":"","ast-hfb-mobile-header-display":"","site-post-title":"disabled","ast-breadcrumbs-content":"","ast-featured-img":"","footer-sml-layout":"","ast-disable-related-posts":"","theme-transparent-header-meta":"default","adv-header-id-meta":"","stick-header-meta":"","header-above-stick-meta":"","header-main-stick-meta":"","header-below-stick-meta":"","astra-migrate-meta-layouts":"default","ast-page-background-enabled":"default","ast-page-background-meta":{"desktop":{"background-color":"","background-image":"","background-repeat":"repeat","background-position":"center center","background-size":"auto","background-attachment":"scroll","background-type":"","background-media":"","overlay-type":"","overlay-color":"","overlay-opacity":"","overlay-gradient":""},"tablet":{"background-color":"","background-image":"","background-repeat":"repeat","background-position":"center center","background-size":"auto","background-attachment":"scroll","background-type":"","background-media":"","overlay-type":"","overlay-color":"","overlay-opacity":"","overlay-gradient":""},"mobile":{"background-color":"","background-image":"","background-repeat":"repeat","background-position":"center center","background-size":"auto","background-attachment":"scroll","background-type":"","background-media":"","overlay-type":"","overlay-color":"","overlay-opacity":"","overlay-gradient":""}},"ast-content-background-meta":{"desktop":{"background-color":"var(--ast-global-color-5)","background-image":"","background-repeat":"repeat","background-position":"center center","background-size":"auto","background-attachment":"scroll","background-type":"","background-media":"","overlay-type":"","overlay-color":"","overlay-opacity":"","overlay-gradient":""},"tablet":{"background-color":"var(--ast-global-color-5)","background-image":"","background-repeat":"repeat","background-position":"center center","background-size":"auto","background-attachment":"scroll","background-type":"","background-media":"","overlay-type":"","overlay-color":"","overlay-opacity":"","overlay-gradient":""},"mobile":{"background-color":"var(--ast-global-color-5)","background-image":"","background-repeat":"repeat","background-position":"center center","background-size":"auto","background-attachment":"scroll","background-type":"","background-media":"","overlay-type":"","overlay-color":"","overlay-opacity":"","overlay-gradient":""}},"ngg_post_thumbnail":0,"footnotes":""},"class_list":["post-1048","page","type-page","status-publish","hentry"],"uagb_featured_image_src":{"full":false,"thumbnail":false,"medium":false,"medium_large":false,"large":false,"1536x1536":false,"2048x2048":false,"lifterlms_certificate_background":false,"llms_notification_icon":false},"uagb_author_info":{"display_name":"user","author_link":"https:\/\/droids.com.ar\/wordpress\/author\/user\/"},"uagb_comment_info":0,"uagb_excerpt":"Comunicaci\u00f3n efectiva y colaboraci\u00f3n: La comunicaci\u00f3n y la colaboraci\u00f3n juegan un rol importante en la preparaci\u00f3n de estudiantes para ser no s\u00f3lo aprendices sino tambi\u00e9n miembros de una comunidad m\u00e1s amplia, con voz y con la capacidad de hacer una contribuci\u00f3n. Las habilidades incluidas en esta dimensi\u00f3n deben entenderse como habilidades sociales, donde la capacidad&hellip;","_links":{"self":[{"href":"https:\/\/droids.com.ar\/wordpress\/wp-json\/wp\/v2\/pages\/1048","targetHints":{"allow":["GET"]}}],"collection":[{"href":"https:\/\/droids.com.ar\/wordpress\/wp-json\/wp\/v2\/pages"}],"about":[{"href":"https:\/\/droids.com.ar\/wordpress\/wp-json\/wp\/v2\/types\/page"}],"author":[{"embeddable":true,"href":"https:\/\/droids.com.ar\/wordpress\/wp-json\/wp\/v2\/users\/1"}],"replies":[{"embeddable":true,"href":"https:\/\/droids.com.ar\/wordpress\/wp-json\/wp\/v2\/comments?post=1048"}],"version-history":[{"count":7,"href":"https:\/\/droids.com.ar\/wordpress\/wp-json\/wp\/v2\/pages\/1048\/revisions"}],"predecessor-version":[{"id":1071,"href":"https:\/\/droids.com.ar\/wordpress\/wp-json\/wp\/v2\/pages\/1048\/revisions\/1071"}],"wp:attachment":[{"href":"https:\/\/droids.com.ar\/wordpress\/wp-json\/wp\/v2\/media?parent=1048"}],"curies":[{"name":"wp","href":"https:\/\/api.w.org\/{rel}","templated":true}]}}