{"id":855,"date":"2018-06-07T05:36:45","date_gmt":"2018-06-07T05:36:45","guid":{"rendered":"https:\/\/websitedemos.net\/ac-technician-02\/?page_id=6"},"modified":"2025-08-07T11:42:05","modified_gmt":"2025-08-07T14:42:05","slug":"home","status":"publish","type":"page","link":"https:\/\/droids.com.ar\/wordpress\/","title":{"rendered":"Home"},"content":{"rendered":"\n\n\t\t\t\t<img decoding=\"async\" src=\"https:\/\/droids.com.ar\/wp-content\/uploads\/2019\/08\/GiroboyWeb.png\" alt=\"GiroboyWeb\" itemprop=\"image\" height=\"525\" width=\"400\" title=\"GiroboyWeb\" onerror=\"this.style.display='none'\" loading=\"lazy\" \/>\n\t<h1>STEAM<\/h1>\n\t<h2>Ciencia, Tecnolog\u00eda, Ingenier\u00eda, Arte, Matem\u00e1ticas<\/h2>\n\t\t\t\t<img decoding=\"async\" src=\"https:\/\/droids.com.ar\/wp-content\/uploads\/2019\/08\/milo320.png\" alt=\"milo320\" itemprop=\"image\" height=\"207\" width=\"324\" title=\"milo320\" onerror=\"this.style.display='none'\" loading=\"lazy\" \/>\n<h2>APRENDIZAJE:<\/h2>\n\t\t\t\t<img decoding=\"async\" src=\"https:\/\/droids.com.ar\/wp-content\/uploads\/2019\/08\/gears-1.png\" alt=\"gears\" itemprop=\"image\" height=\"100\" width=\"100\" title=\"gears\" onerror=\"this.style.display='none'\" loading=\"lazy\" \/>\n\t<h3>CREATIVIDAD<\/h3>\n<p>Estimula la integraci\u00f3n de m\u00faltiples tipos de conocimientos: cient\u00edfico, l\u00f3gico, matem\u00e1tico y de ingenier\u00eda para la b\u00fasqueda de soluciones creativas para problemas concretos.<\/p>\n\t\t\t\t<img decoding=\"async\" src=\"https:\/\/droids.com.ar\/wp-content\/uploads\/2019\/08\/reuse-1.png\" alt=\"reuse\" itemprop=\"image\" height=\"100\" width=\"100\" title=\"reuse\" onerror=\"this.style.display='none'\" loading=\"lazy\" \/>\n\t<h3>DISE\u00d1O E INGENIER\u00cdA<\/h3>\n<p>En funci\u00f3n al problema y las soluciones planteadas: \u00bfc\u00f3mo maximizar el uso de sensores, motores, y dem\u00e1s componentes t\u00e9cnicos para construir un robot que pueda satisfacer las necesidades?<\/p>\n\t\t\t\t<img decoding=\"async\" src=\"http:\/\/droids.com.ar\/wp-content\/uploads\/2019\/08\/math-1.png\" alt=\"math\" itemprop=\"image\" title=\"math\" onerror=\"this.style.display='none'\" loading=\"lazy\" \/>\n\t<h3>ANALISIS<\/h3>\n<p>Los j\u00f3venes aprenden a identificar y analizar problemas: \u00bfCu\u00e1l es el problema concreto? \u00bfQu\u00e9 tareas son necesarias para solucionar ese problema? Tambi\u00e9n aprenden como hacer que el robot haga exactamente lo que necesito que haga.<\/p>\n\t\t\t\t<img decoding=\"async\" src=\"http:\/\/droids.com.ar\/wp-content\/uploads\/2019\/08\/dialogue.png\" alt=\"dialogue\" itemprop=\"image\" title=\"dialogue\" onerror=\"this.style.display='none'\" loading=\"lazy\" \/>\n\t<h3>TRABAJO EN EQUIPO<\/h3>\n<p>Los estudiantes aprenden que es aceptable cometer errores, sobre todo si se les conduce a mejores soluciones, y que las mejores ideas surgen de la cooperaci\u00f3n y la cr\u00edtica constructiva.<\/p>\n\t<h2>Habilidades TIC<\/h2>\n\t\t\t\t<a href=\"https:\/\/droids.com.ar\/comunicacion-efectiva-y-colaboracion\/\"  target=\"_self\" itemprop=\"url\">\n\t\t\t\t<img decoding=\"async\" src=\"https:\/\/droids.com.ar\/wp-content\/uploads\/2019\/08\/Comunicacion-e1566594804151.png\" alt=\"Comunicacion\" itemprop=\"image\" height=\"66\" width=\"100\" title=\"Comunicacion\" onerror=\"this.style.display='none'\" loading=\"lazy\" \/>\n\t\t\t\t<\/a>\n\t<h3><a href=\"https:\/\/droids.com.ar\/comunicacion-efectiva-y-colaboracion\/\">COMUNICACI\u00d3N EFECTIVA Y COLABORACI\u00d3N<\/a><\/h3>\n<p>La comunicaci\u00f3n y la colaboraci\u00f3n juegan un rol importante en la preparaci\u00f3n de estudiantes para ser no s\u00f3lo aprendices sino tambi\u00e9n miembros de una comunidad m\u00e1s amplia, con voz y con la capacidad de hacer una contribuci\u00f3n.<\/p>\n\t\t\t\t<a href=\"https:\/\/droids.com.ar\/convivencia-digital\/\"  target=\"_self\" itemprop=\"url\">\n\t\t\t\t<img decoding=\"async\" src=\"https:\/\/droids.com.ar\/wp-content\/uploads\/2019\/08\/Conversion-e1566594814152.png\" alt=\"Conversion\" itemprop=\"image\" height=\"89\" width=\"100\" title=\"Conversion\" onerror=\"this.style.display='none'\" loading=\"lazy\" \/>\n\t\t\t\t<\/a>\n\t<h3><a href=\"https:\/\/droids.com.ar\/convivencia-digital\/\">CONVIVENCIA DIGITAL<\/a><\/h3>\n<p>Las TIC representan un nuevo contexto o ambiente donde los estudiantes se relacionan y vinculan con otros. Las habilidades incluidas en esta dimensi\u00f3n contribuyen a la formaci\u00f3n \u00e9tica general de los estudiantes a trav\u00e9s de orientaciones relativas a dilemas de convivencia espec\u00edficos planteados por las tecnolog\u00edas digitales en una sociedad de la informaci\u00f3n.<\/p>\n\t\t\t\t<a href=\"https:\/\/droids.com.ar\/tecnologia\/\"  target=\"_self\" itemprop=\"url\">\n\t\t\t\t<img decoding=\"async\" src=\"https:\/\/droids.com.ar\/wp-content\/uploads\/2019\/08\/technology-e1566594831662.png\" alt=\"technology\" itemprop=\"image\" height=\"100\" width=\"100\" title=\"technology\" onerror=\"this.style.display='none'\" loading=\"lazy\" \/>\n\t\t\t\t<\/a>\n\t<h3><a href=\"https:\/\/droids.com.ar\/tecnologia\/\">TECNOLOG\u00cdA<\/a><\/h3>\n<p>Esta dimensi\u00f3n define las habilidades funcionales y conocimientos necesarios para nombrar, resolver problemas, operar y usar las TIC en cualquier tarea. Es importante considerar que por la permanente creaci\u00f3n de software, hardware y programas, esta dimensi\u00f3n es particularmente din\u00e1mica.<\/p>\n\t\t\t\t<a href=\"https:\/\/droids.com.ar\/informacion\/\"  target=\"_self\" itemprop=\"url\">\n\t\t\t\t<img decoding=\"async\" src=\"https:\/\/droids.com.ar\/wp-content\/uploads\/2019\/08\/information-e1566594824948.png\" alt=\"information\" itemprop=\"image\" height=\"106\" width=\"100\" title=\"information\" onerror=\"this.style.display='none'\" loading=\"lazy\" \/>\n\t\t\t\t<\/a>\n\t<h3><a href=\"https:\/\/droids.com.ar\/informacion\/\">INFORMACI\u00d3N<\/a><\/h3>\n<p>La dimensi\u00f3n informaci\u00f3n describe las habilidades para buscar, seleccionar, evaluar y organizar informaci\u00f3n en entornos digitales y transformar o adaptar la informaci\u00f3n en un nuevo producto, conocimiento o desarrollar ideas nuevas.<\/p>\n\t\t\t<h6>\n\t\t\t\t\tClientes confiaron y confian en nuestro servicio\n\t\t\t\t<\/h6>\n\t\t\t\t<img decoding=\"async\" src=\"https:\/\/droids.com.ar\/wp-content\/uploads\/2019\/08\/12_academia.png\" alt=\"12_academia\" itemprop=\"image\"\/>\n\t\t\t\t<img decoding=\"async\" src=\"https:\/\/droids.com.ar\/wp-content\/uploads\/2019\/08\/lasallepadres.png\" alt=\"lasallepadres\" itemprop=\"image\"\/>\n\t\t\t\t<img decoding=\"async\" src=\"https:\/\/droids.com.ar\/wp-content\/uploads\/2019\/09\/montesori-e1567911342202.png\" alt=\"montesori\" itemprop=\"image\"\/>\n\t\t\t\t<img decoding=\"async\" src=\"https:\/\/droids.com.ar\/wp-content\/uploads\/2019\/09\/CordobaMejora4-1.png\" alt=\"CordobaMejora4\" itemprop=\"image\" height=\"100\" width=\"254\" title=\"CordobaMejora4\" onerror=\"this.style.display='none'\" loading=\"lazy\" \/>\n\t\t\t\t<img decoding=\"async\" src=\"https:\/\/droids.com.ar\/wp-content\/uploads\/2019\/08\/jeansonet100px.jpg\" alt=\"jeansonet100px\" itemprop=\"image\" height=\"100\" width=\"410\" title=\"jeansonet100px\" onerror=\"this.style.display='none'\" loading=\"lazy\" \/>\n\t\t\t\t<img decoding=\"async\" src=\"https:\/\/droids.com.ar\/wp-content\/uploads\/2019\/09\/MT100px.png\" alt=\"MT100px\" itemprop=\"image\" height=\"100\" width=\"100\" title=\"MT100px\" onerror=\"this.style.display='none'\" loading=\"lazy\" \/>\n\t\t\t\t<img decoding=\"async\" src=\"http:\/\/droids.com.ar\/wp-content\/uploads\/2019\/09\/location.png\" alt=\"location\" itemprop=\"image\"\/>\n\t\t\t<h3>\n\t\t\t\t\tUbicaci\u00f3n\n\t\t\t\t<\/h3>\n\t\t\t<p>C\u00f3rdoba, Argentina<\/p>\n\t\t\t\t<img decoding=\"async\" src=\"http:\/\/droids.com.ar\/wp-content\/uploads\/2019\/09\/mail60x60.png\" alt=\"mail60x60\" itemprop=\"image\"\/>\n\t\t\t<h3>\n\t\t\t\t\tEmail\n\t\t\t\t<\/h3>\n\t\t\t\t<img decoding=\"async\" src=\"http:\/\/droids.com.ar\/wp-content\/uploads\/2019\/09\/telefono.png\" alt=\"telefono\" itemprop=\"image\"\/>\n\t\t\t<h3>\n\t\t\t\t\tTel\u00e9fono\n\t\t\t\t<\/h3>\n\t\t\t<p>+54 9351 3824720<\/p>\n\n","protected":false},"excerpt":{"rendered":"<p>STEAM Ciencia, Tecnolog\u00eda, Ingenier\u00eda, Arte, Matem\u00e1ticas APRENDIZAJE: CREATIVIDAD Estimula la integraci\u00f3n de m\u00faltiples tipos de conocimientos: cient\u00edfico, l\u00f3gico, matem\u00e1tico y de ingenier\u00eda para la b\u00fasqueda de soluciones creativas para problemas concretos. DISE\u00d1O E INGENIER\u00cdA En funci\u00f3n al problema y las soluciones planteadas: \u00bfc\u00f3mo maximizar el uso de sensores, motores, y dem\u00e1s componentes t\u00e9cnicos para construir [&hellip;]<\/p>\n","protected":false},"author":1,"featured_media":937,"parent":0,"menu_order":0,"comment_status":"closed","ping_status":"closed","template":"","meta":{"_uag_custom_page_level_css":"","site-sidebar-layout":"no-sidebar","site-content-layout":"page-builder","ast-site-content-layout":"default","site-content-style":"default","site-sidebar-style":"default","ast-global-header-display":"","ast-banner-title-visibility":"","ast-main-header-display":"","ast-hfb-above-header-display":"","ast-hfb-below-header-display":"","ast-hfb-mobile-header-display":"","site-post-title":"disabled","ast-breadcrumbs-content":"","ast-featured-img":"disabled","footer-sml-layout":"","ast-disable-related-posts":"","theme-transparent-header-meta":"default","adv-header-id-meta":"","stick-header-meta":"","header-above-stick-meta":"","header-main-stick-meta":"","header-below-stick-meta":"","astra-migrate-meta-layouts":"default","ast-page-background-enabled":"default","ast-page-background-meta":{"desktop":{"background-color":"","background-image":"","background-repeat":"repeat","background-position":"center center","background-size":"auto","background-attachment":"scroll","background-type":"","background-media":"","overlay-type":"","overlay-color":"","overlay-opacity":"","overlay-gradient":""},"tablet":{"background-color":"","background-image":"","background-repeat":"repeat","background-position":"center center","background-size":"auto","background-attachment":"scroll","background-type":"","background-media":"","overlay-type":"","overlay-color":"","overlay-opacity":"","overlay-gradient":""},"mobile":{"background-color":"","background-image":"","background-repeat":"repeat","background-position":"center center","background-size":"auto","background-attachment":"scroll","background-type":"","background-media":"","overlay-type":"","overlay-color":"","overlay-opacity":"","overlay-gradient":""}},"ast-content-background-meta":{"desktop":{"background-color":"var(--ast-global-color-5)","background-image":"","background-repeat":"repeat","background-position":"center center","background-size":"auto","background-attachment":"scroll","background-type":"","background-media":"","overlay-type":"","overlay-color":"","overlay-opacity":"","overlay-gradient":""},"tablet":{"background-color":"var(--ast-global-color-5)","background-image":"","background-repeat":"repeat","background-position":"center center","background-size":"auto","background-attachment":"scroll","background-type":"","background-media":"","overlay-type":"","overlay-color":"","overlay-opacity":"","overlay-gradient":""},"mobile":{"background-color":"var(--ast-global-color-5)","background-image":"","background-repeat":"repeat","background-position":"center center","background-size":"auto","background-attachment":"scroll","background-type":"","background-media":"","overlay-type":"","overlay-color":"","overlay-opacity":"","overlay-gradient":""}},"ngg_post_thumbnail":0,"footnotes":""},"class_list":["post-855","page","type-page","status-publish","has-post-thumbnail","hentry"],"uagb_featured_image_src":{"full":["https:\/\/droids.com.ar\/wp-content\/uploads\/2019\/08\/Untitled-2.jpg",1200,675,false],"thumbnail":["https:\/\/droids.com.ar\/wp-content\/uploads\/2019\/08\/Untitled-2-150x150.jpg",150,150,true],"medium":["https:\/\/droids.com.ar\/wp-content\/uploads\/2019\/08\/Untitled-2-300x169.jpg",300,169,true],"medium_large":["https:\/\/droids.com.ar\/wp-content\/uploads\/2019\/08\/Untitled-2-768x432.jpg",768,432,true],"large":["https:\/\/droids.com.ar\/wp-content\/uploads\/2019\/08\/Untitled-2-1024x576.jpg",1024,576,true],"1536x1536":["https:\/\/droids.com.ar\/wp-content\/uploads\/2019\/08\/Untitled-2.jpg",1200,675,false],"2048x2048":["https:\/\/droids.com.ar\/wp-content\/uploads\/2019\/08\/Untitled-2.jpg",1200,675,false],"lifterlms_certificate_background":["https:\/\/droids.com.ar\/wp-content\/uploads\/2019\/08\/Untitled-2-800x616.jpg",800,616,true],"llms_notification_icon":["https:\/\/droids.com.ar\/wp-content\/uploads\/2019\/08\/Untitled-2-64x64.jpg",64,64,true]},"uagb_author_info":{"display_name":"user","author_link":"https:\/\/droids.com.ar\/wordpress\/author\/user\/"},"uagb_comment_info":0,"uagb_excerpt":"STEAM Ciencia, Tecnolog\u00eda, Ingenier\u00eda, Arte, Matem\u00e1ticas APRENDIZAJE: CREATIVIDAD Estimula la integraci\u00f3n de m\u00faltiples tipos de conocimientos: cient\u00edfico, l\u00f3gico, matem\u00e1tico y de ingenier\u00eda para la b\u00fasqueda de soluciones creativas para problemas concretos. DISE\u00d1O E INGENIER\u00cdA En funci\u00f3n al problema y las soluciones planteadas: \u00bfc\u00f3mo maximizar el uso de sensores, motores, y dem\u00e1s componentes t\u00e9cnicos para construir&hellip;","_links":{"self":[{"href":"https:\/\/droids.com.ar\/wordpress\/wp-json\/wp\/v2\/pages\/855","targetHints":{"allow":["GET"]}}],"collection":[{"href":"https:\/\/droids.com.ar\/wordpress\/wp-json\/wp\/v2\/pages"}],"about":[{"href":"https:\/\/droids.com.ar\/wordpress\/wp-json\/wp\/v2\/types\/page"}],"author":[{"embeddable":true,"href":"https:\/\/droids.com.ar\/wordpress\/wp-json\/wp\/v2\/users\/1"}],"replies":[{"embeddable":true,"href":"https:\/\/droids.com.ar\/wordpress\/wp-json\/wp\/v2\/comments?post=855"}],"version-history":[{"count":99,"href":"https:\/\/droids.com.ar\/wordpress\/wp-json\/wp\/v2\/pages\/855\/revisions"}],"predecessor-version":[{"id":7853,"href":"https:\/\/droids.com.ar\/wordpress\/wp-json\/wp\/v2\/pages\/855\/revisions\/7853"}],"wp:featuredmedia":[{"embeddable":true,"href":"https:\/\/droids.com.ar\/wordpress\/wp-json\/wp\/v2\/media\/937"}],"wp:attachment":[{"href":"https:\/\/droids.com.ar\/wordpress\/wp-json\/wp\/v2\/media?parent=855"}],"curies":[{"name":"wp","href":"https:\/\/api.w.org\/{rel}","templated":true}]}}